{"id":1427,"date":"2023-10-24T09:20:29","date_gmt":"2023-10-24T07:20:29","guid":{"rendered":"https:\/\/rosaavocat.fr\/?page_id=1427"},"modified":"2024-01-27T00:06:58","modified_gmt":"2024-01-26T23:06:58","slug":"avocate-au-barreau-de-lyon","status":"publish","type":"page","link":"https:\/\/rosaavocat.fr\/","title":{"rendered":"Eve ROSA"},"content":{"rendered":"\t\t<div data-elementor-type=\"wp-page\" data-elementor-id=\"1427\" class=\"elementor elementor-1427\">\n\t\t\t\t\t\t\t<div class=\"elementor-element elementor-element-8c27235 e-con-full e-flex e-con e-parent\" data-id=\"8c27235\" data-element_type=\"container\" data-settings=\"{&quot;content_width&quot;:&quot;full&quot;}\" data-core-v316-plus=\"true\">\n\t\t\t\t<div class=\"elementor-element elementor-element-28ed45b4 elementor-widget elementor-widget-text-editor\" data-id=\"28ed45b4\" data-element_type=\"widget\" data-widget_type=\"text-editor.default\">\n\t\t\t\t<div class=\"elementor-widget-container\">\n\t\t\t<style>\/*! elementor - v3.16.0 - 17-10-2023 *\/\n.elementor-widget-text-editor.elementor-drop-cap-view-stacked .elementor-drop-cap{background-color:#69727d;color:#fff}.elementor-widget-text-editor.elementor-drop-cap-view-framed .elementor-drop-cap{color:#69727d;border:3px solid;background-color:transparent}.elementor-widget-text-editor:not(.elementor-drop-cap-view-default) .elementor-drop-cap{margin-top:8px}.elementor-widget-text-editor:not(.elementor-drop-cap-view-default) .elementor-drop-cap-letter{width:1em;height:1em}.elementor-widget-text-editor .elementor-drop-cap{float:left;text-align:center;line-height:1;font-size:50px}.elementor-widget-text-editor .elementor-drop-cap-letter{display:inline-block}<\/style>\t\t\t\t<p><!-- wp:paragraph --><\/p>\n<p>Avocate implant\u00e9e dans la r\u00e9gion lyonnaise, Ma\u00eetre Eve ROSA est comp\u00e9tente pour vous accompagner dans le cadre de vos litiges en mati\u00e8re p\u00e9nale, en responsabilit\u00e9 civile au sens large, mais \u00e9galement en droit de la famille.<\/p>\n<p>\u00a0<\/p>\n<p>Ma\u00eetre ROSA vous recevra au cabinet, sur rendez-vous, du lundi au vendredi.\u00a0<\/p>\n<p><!-- \/wp:paragraph --><\/p>\t\t\t\t\t\t<\/div>\n\t\t\t\t<\/div>\n\t\t\t\t<div class=\"elementor-element elementor-element-edb941d elementor-widget elementor-widget-spacer\" data-id=\"edb941d\" data-element_type=\"widget\" data-widget_type=\"spacer.default\">\n\t\t\t\t<div class=\"elementor-widget-container\">\n\t\t\t<style>\/*! elementor - v3.16.0 - 17-10-2023 *\/\n.elementor-column .elementor-spacer-inner{height:var(--spacer-size)}.e-con{--container-widget-width:100%}.e-con-inner>.elementor-widget-spacer,.e-con>.elementor-widget-spacer{width:var(--container-widget-width,var(--spacer-size));--align-self:var(--container-widget-align-self,initial);--flex-shrink:0}.e-con-inner>.elementor-widget-spacer>.elementor-widget-container,.e-con>.elementor-widget-spacer>.elementor-widget-container{height:100%;width:100%}.e-con-inner>.elementor-widget-spacer>.elementor-widget-container>.elementor-spacer,.e-con>.elementor-widget-spacer>.elementor-widget-container>.elementor-spacer{height:100%}.e-con-inner>.elementor-widget-spacer>.elementor-widget-container>.elementor-spacer>.elementor-spacer-inner,.e-con>.elementor-widget-spacer>.elementor-widget-container>.elementor-spacer>.elementor-spacer-inner{height:var(--container-widget-height,var(--spacer-size))}.e-con-inner>.elementor-widget-spacer.elementor-widget-empty,.e-con>.elementor-widget-spacer.elementor-widget-empty{position:relative;min-height:22px;min-width:22px}.e-con-inner>.elementor-widget-spacer.elementor-widget-empty .elementor-widget-empty-icon,.e-con>.elementor-widget-spacer.elementor-widget-empty .elementor-widget-empty-icon{position:absolute;top:0;bottom:0;left:0;right:0;margin:auto;padding:0;width:22px;height:22px}<\/style>\t\t<div class=\"elementor-spacer\">\n\t\t\t<div class=\"elementor-spacer-inner\"><\/div>\n\t\t<\/div>\n\t\t\t\t<\/div>\n\t\t\t\t<\/div>\n\t\t\t\t<div class=\"elementor-element elementor-element-d3807c0 elementor-button-info elementor-align-center elementor-widget elementor-widget-button\" data-id=\"d3807c0\" data-element_type=\"widget\" data-widget_type=\"button.default\">\n\t\t\t\t<div class=\"elementor-widget-container\">\n\t\t\t\t\t<div class=\"elementor-button-wrapper\">\n\t\t\t<a class=\"elementor-button elementor-button-link elementor-size-sm\" href=\"https:\/\/rosaavocat.fr\/index.php\/contact\/\" rel=\"nofollow\">\n\t\t\t\t\t\t<span class=\"elementor-button-content-wrapper\">\n\t\t\t\t\t\t<span class=\"elementor-button-icon elementor-align-icon-left\">\n\t\t\t\t<i aria-hidden=\"true\" class=\"far fa-address-book\"><\/i>\t\t\t<\/span>\n\t\t\t\t\t\t<span class=\"elementor-button-text\">Contacter Ma\u00eetre ROSA<\/span>\n\t\t<\/span>\n\t\t\t\t\t<\/a>\n\t\t<\/div>\n\t\t\t\t<\/div>\n\t\t\t\t<\/div>\n\t\t\t\t<div class=\"elementor-element elementor-element-aef5fd9 elementor-widget elementor-widget-spacer\" data-id=\"aef5fd9\" data-element_type=\"widget\" data-widget_type=\"spacer.default\">\n\t\t\t\t<div class=\"elementor-widget-container\">\n\t\t\t\t\t<div class=\"elementor-spacer\">\n\t\t\t<div class=\"elementor-spacer-inner\"><\/div>\n\t\t<\/div>\n\t\t\t\t<\/div>\n\t\t\t\t<\/div>\n\t\t\t\t<div class=\"elementor-element elementor-element-838d1b0 elementor-widget elementor-widget-image\" data-id=\"838d1b0\" data-element_type=\"widget\" data-widget_type=\"image.default\">\n\t\t\t\t<div class=\"elementor-widget-container\">\n\t\t\t<style>\/*! elementor - v3.16.0 - 17-10-2023 *\/\n.elementor-widget-image{text-align:center}.elementor-widget-image a{display:inline-block}.elementor-widget-image a img[src$=\".svg\"]{width:48px}.elementor-widget-image img{vertical-align:middle;display:inline-block}<\/style>\t\t\t\t\t\t\t\t\t\t\t\t<img loading=\"lazy\" decoding=\"async\" width=\"640\" height=\"598\" src=\"https:\/\/rosaavocat.fr\/wp-content\/uploads\/2024\/01\/Capture-decran-2024-01-20-a-23.25.34-768x717.png\" class=\"attachment-medium_large size-medium_large wp-image-1517\" alt=\"\" srcset=\"https:\/\/rosaavocat.fr\/wp-content\/uploads\/2024\/01\/Capture-decran-2024-01-20-a-23.25.34-768x717.png 768w, https:\/\/rosaavocat.fr\/wp-content\/uploads\/2024\/01\/Capture-decran-2024-01-20-a-23.25.34-300x280.png 300w, https:\/\/rosaavocat.fr\/wp-content\/uploads\/2024\/01\/Capture-decran-2024-01-20-a-23.25.34.png 932w\" sizes=\"auto, (max-width: 640px) 100vw, 640px\" \/>\t\t\t\t\t\t\t\t\t\t\t\t\t\t\t<\/div>\n\t\t\t\t<\/div>\n\t\t\t\t<\/div>\n\t\t\t\t\t\t\t<\/div>\n\t\t","protected":false},"excerpt":{"rendered":"<p>Avocate implant\u00e9e dans la r\u00e9gion lyonnaise, Ma\u00eetre Eve ROSA est comp\u00e9tente pour vous accompagner dans le cadre de vos litiges en mati\u00e8re p\u00e9nale, en responsabilit\u00e9&hellip;<\/p>\n","protected":false},"author":1,"featured_media":0,"parent":0,"menu_order":0,"comment_status":"closed","ping_status":"closed","template":"","meta":{"footnotes":""},"class_list":["post-1427","page","type-page","status-publish","hentry"],"_links":{"self":[{"href":"https:\/\/rosaavocat.fr\/index.php\/wp-json\/wp\/v2\/pages\/1427","targetHints":{"allow":["GET"]}}],"collection":[{"href":"https:\/\/rosaavocat.fr\/index.php\/wp-json\/wp\/v2\/pages"}],"about":[{"href":"https:\/\/rosaavocat.fr\/index.php\/wp-json\/wp\/v2\/types\/page"}],"author":[{"embeddable":true,"href":"https:\/\/rosaavocat.fr\/index.php\/wp-json\/wp\/v2\/users\/1"}],"replies":[{"embeddable":true,"href":"https:\/\/rosaavocat.fr\/index.php\/wp-json\/wp\/v2\/comments?post=1427"}],"version-history":[{"count":38,"href":"https:\/\/rosaavocat.fr\/index.php\/wp-json\/wp\/v2\/pages\/1427\/revisions"}],"predecessor-version":[{"id":1640,"href":"https:\/\/rosaavocat.fr\/index.php\/wp-json\/wp\/v2\/pages\/1427\/revisions\/1640"}],"wp:attachment":[{"href":"https:\/\/rosaavocat.fr\/index.php\/wp-json\/wp\/v2\/media?parent=1427"}],"curies":[{"name":"wp","href":"https:\/\/api.w.org\/{rel}","templated":true}]}}